{"id":30,"date":"2026-02-21T12:38:21","date_gmt":"2026-02-21T11:38:21","guid":{"rendered":"https:\/\/klimatest.kamilzapala.pl\/?page_id=30"},"modified":"2026-04-13T16:43:36","modified_gmt":"2026-04-13T14:43:36","slug":"strona-glowna","status":"publish","type":"page","link":"https:\/\/klimatest.kamilzapala.pl\/","title":{"rendered":"Strona g\u0142\u00f3wna"},"content":{"rendered":"\t\t<div data-elementor-type=\"wp-page\" data-elementor-id=\"30\" class=\"elementor elementor-30\" data-elementor-post-type=\"page\">\n\t\t\t\t<div data-particle_enable=\"false\" data-particle-mobile-disabled=\"false\" class=\"elementor-element elementor-element-314086d e-con-full e-flex e-con e-parent\" data-id=\"314086d\" data-element_type=\"container\" data-e-type=\"container\" data-settings=\"{&quot;background_background&quot;:&quot;video&quot;,&quot;background_video_link&quot;:&quot;https:\\\/\\\/klimatest.kamilzapala.pl\\\/wp-content\\\/uploads\\\/2026\\\/02\\\/Video-Project.webm&quot;,&quot;background_play_on_mobile&quot;:&quot;yes&quot;}\">\n\t\t<div class=\"elementor-background-video-container\">\n\t\t\t\t\t\t\t<video class=\"elementor-background-video-hosted\" role=\"presentation\" autoplay muted playsinline loop><\/video>\n\t\t\t\t\t<\/div><div data-particle_enable=\"false\" data-particle-mobile-disabled=\"false\" class=\"elementor-element elementor-element-8003023 e-con-full e-flex e-con e-child\" data-id=\"8003023\" data-element_type=\"container\" data-e-type=\"container\">\n\t\t\t\t<div class=\"elementor-element elementor-element-0eaf6ea elementor-widget elementor-widget-heading\" data-id=\"0eaf6ea\" data-element_type=\"widget\" data-e-type=\"widget\" data-widget_type=\"heading.default\">\n\t\t\t\t\t<h1 class=\"elementor-heading-title elementor-size-default\">PROFESJONALNY <span style=\"color: #F0B23D\">MONTA\u017b<\/span>.  KOMFORT NA LATA.<\/h1>\t\t\t\t<\/div>\n\t\t\t\t<div class=\"elementor-element elementor-element-d6e70d4 elementor-widget-divider--view-line elementor-widget elementor-widget-divider\" data-id=\"d6e70d4\" data-element_type=\"widget\" data-e-type=\"widget\" data-widget_type=\"divider.default\">\n\t\t\t\t\t\t\t<div class=\"elementor-divider\">\n\t\t\t<span class=\"elementor-divider-separator\">\n\t\t\t\t\t\t<\/span>\n\t\t<\/div>\n\t\t\t\t\t\t<\/div>\n\t\t\t\t<div class=\"elementor-element elementor-element-308d5ea elementor-widget elementor-widget-heading\" data-id=\"308d5ea\" data-element_type=\"widget\" data-e-type=\"widget\" data-widget_type=\"heading.default\">\n\t\t\t\t\t<h2 class=\"elementor-heading-title elementor-size-default\">Projektujemy i instalujemy systemy klimatyzacji dopasowane do Twojego domu. <br>\n\nCzysty monta\u017c, szybki serwis i urz\u0105dzenia topowych marek.<\/h2>\t\t\t\t<\/div>\n\t\t\t\t<div class=\"elementor-element elementor-element-bf9e85b elementor-mobile-align-center elementor-align-center elementor-widget elementor-widget-button\" data-id=\"bf9e85b\" data-element_type=\"widget\" data-e-type=\"widget\" data-widget_type=\"button.default\">\n\t\t\t\t\t\t\t\t\t\t<a class=\"elementor-button elementor-button-link elementor-size-sm\" href=\"#\">\n\t\t\t\t\t\t<span class=\"elementor-button-content-wrapper\">\n\t\t\t\t\t\t\t\t\t<span class=\"elementor-button-text\">Sprawd\u017a nasz\u0105 ofert\u0119<\/span>\n\t\t\t\t\t<\/span>\n\t\t\t\t\t<\/a>\n\t\t\t\t\t\t\t\t<\/div>\n\t\t\t\t<\/div>\n\t\t\t\t<\/div>\n\t\t<div data-particle_enable=\"false\" data-particle-mobile-disabled=\"false\" class=\"elementor-element elementor-element-92bcfb6 e-flex e-con-boxed e-con e-parent\" data-id=\"92bcfb6\" data-element_type=\"container\" data-e-type=\"container\" data-settings=\"{&quot;background_background&quot;:&quot;classic&quot;}\">\n\t\t\t\t\t<div class=\"e-con-inner\">\n\t\t\t\t<div class=\"elementor-element elementor-element-ffb58d7 elementor-widget elementor-widget-heading\" data-id=\"ffb58d7\" data-element_type=\"widget\" data-e-type=\"widget\" data-widget_type=\"heading.default\">\n\t\t\t\t\t<h2 class=\"elementor-heading-title elementor-size-default\">Bestsellery!<\/h2>\t\t\t\t<\/div>\n\t\t\t\t<div class=\"woocommerce elementor-element elementor-element-9ff344f elementor-grid-3 elementor-grid-tablet-2 elementor-grid-mobile-1 elementor-widget elementor-widget-loop-grid\" data-id=\"9ff344f\" data-element_type=\"widget\" data-e-type=\"widget\" data-settings=\"{&quot;_skin&quot;:&quot;product&quot;,&quot;template_id&quot;:&quot;310&quot;,&quot;row_gap&quot;:{&quot;unit&quot;:&quot;px&quot;,&quot;size&quot;:0,&quot;sizes&quot;:[]},&quot;columns&quot;:&quot;3&quot;,&quot;columns_tablet&quot;:&quot;2&quot;,&quot;columns_mobile&quot;:&quot;1&quot;,&quot;edit_handle_selector&quot;:&quot;[data-elementor-type=\\&quot;loop-item\\&quot;]&quot;,&quot;row_gap_tablet&quot;:{&quot;unit&quot;:&quot;px&quot;,&quot;size&quot;:&quot;&quot;,&quot;sizes&quot;:[]},&quot;row_gap_mobile&quot;:{&quot;unit&quot;:&quot;px&quot;,&quot;size&quot;:&quot;&quot;,&quot;sizes&quot;:[]}}\" data-widget_type=\"loop-grid.product\">\n\t\t\t\t<div class=\"elementor-widget-container\">\n\t\t\t\t\t\t\t<div class=\"elementor-loop-container elementor-grid\" role=\"list\">\n\t\t<style id=\"loop-dynamic-310\">.e-loop-item-275 .elementor-element.elementor-element-253b980:not(.elementor-motion-effects-element-type-background), .e-loop-item-275 .elementor-element.elementor-element-253b980 > .elementor-motion-effects-container > .elementor-motion-effects-layer{background-image:url(\"https:\/\/klimatest.kamilzapala.pl\/wp-content\/uploads\/2026\/02\/klima-2.png\");}<\/style><style id=\"loop-310\">.elementor-310 .elementor-element.elementor-element-32ae14a{--display:flex;--flex-direction:column;--container-widget-width:100%;--container-widget-height:initial;--container-widget-flex-grow:0;--container-widget-align-self:initial;--flex-wrap-mobile:wrap;}.elementor-310 .elementor-element.elementor-element-253b980{--display:flex;}.elementor-310 .elementor-element.elementor-element-253b980:not(.elementor-motion-effects-element-type-background), .elementor-310 .elementor-element.elementor-element-253b980 > .elementor-motion-effects-container > .elementor-motion-effects-layer{background-position:center center;background-repeat:no-repeat;background-size:cover;}.elementor-310 .elementor-element.elementor-element-d316618{--spacer-size:200px;padding:0px 0px 0px 0px;}.elementor-310 .elementor-element.elementor-element-9846dbb .elementor-heading-title{font-family:\"Montserrat\", Sans-serif;font-size:24px;font-weight:600;}.elementor-310 .elementor-element.elementor-element-9846dbb{margin:30px 0px calc(var(--kit-widget-spacing, 0px) + 0px) 0px;padding:0px 0px 10px 0px;}.elementor-310 .elementor-element.elementor-element-9846dbb.elementor-element{--align-self:center;}.elementor-310 .elementor-element.elementor-element-01cc553{text-align:center;padding:10px 0px 20px 0px;}.woocommerce .elementor-310 .elementor-element.elementor-element-01cc553 .price{font-family:\"Montserrat\", Sans-serif;font-size:16px;font-weight:600;}.elementor-310 .elementor-element.elementor-element-d028c2d .cart button, .elementor-310 .elementor-element.elementor-element-d028c2d .cart .button{border-style:none;color:var( --e-global-color-astglobalcolor4 );background-color:var( --e-global-color-primary );border-color:#FFFFFF00;transition:all 0.2s;}.elementor-310 .elementor-element.elementor-element-d028c2d .cart button:hover, .elementor-310 .elementor-element.elementor-element-d028c2d .cart .button:hover{color:var( --e-global-color-primary );background-color:var( --e-global-color-accent );border-color:#F0B23D00;}.elementor-310 .elementor-element.elementor-element-d028c2d .quantity .qty{transition:all 0.2s;}.elementor-310 .elementor-element.elementor-element-d028c2d.elementor-element{--align-self:center;}<\/style>\t\t<div data-elementor-type=\"loop-item\" data-elementor-id=\"310\" class=\"elementor elementor-310 e-loop-item e-loop-item-275 post-275 product type-product status-publish has-post-thumbnail product_brand-midea product_cat-klimatyzacja desktop-align-left tablet-align-left mobile-align-left first instock shipping-taxable purchasable product-type-variable wvs-archive-product-wrapper\" data-elementor-post-type=\"elementor_library\" data-custom-edit-handle=\"1\">\n\t\t\t<div data-particle_enable=\"false\" data-particle-mobile-disabled=\"false\" class=\"elementor-element elementor-element-32ae14a e-flex e-con-boxed e-con e-parent\" data-id=\"32ae14a\" data-element_type=\"container\" data-e-type=\"container\">\n\t\t\t\t\t<div class=\"e-con-inner\">\n\t\t<div data-particle_enable=\"false\" data-particle-mobile-disabled=\"false\" class=\"elementor-element elementor-element-253b980 e-con-full e-flex e-con e-child\" data-id=\"253b980\" data-element_type=\"container\" data-e-type=\"container\" data-settings=\"{&quot;background_background&quot;:&quot;classic&quot;}\">\n\t\t\t\t<div class=\"elementor-element elementor-element-d316618 elementor-widget elementor-widget-spacer\" data-id=\"d316618\" data-element_type=\"widget\" data-e-type=\"widget\" data-widget_type=\"spacer.default\">\n\t\t\t\t\t\t\t<div class=\"elementor-spacer\">\n\t\t\t<div class=\"elementor-spacer-inner\"><\/div>\n\t\t<\/div>\n\t\t\t\t\t\t<\/div>\n\t\t\t\t<div class=\"elementor-element elementor-element-9846dbb elementor-widget elementor-widget-theme-post-title elementor-page-title elementor-widget-heading\" data-id=\"9846dbb\" data-element_type=\"widget\" data-e-type=\"widget\" data-widget_type=\"theme-post-title.default\">\n\t\t\t\t\t<h6 class=\"elementor-heading-title elementor-size-default\">Breezeless E<\/h6>\t\t\t\t<\/div>\n\t\t\t\t<\/div>\n\t\t\t\t<div class=\"elementor-element elementor-element-01cc553 elementor-widget elementor-widget-woocommerce-product-price\" data-id=\"01cc553\" data-element_type=\"widget\" data-e-type=\"widget\" data-widget_type=\"woocommerce-product-price.default\">\n\t\t\t\t\t<p class=\"price\"><span class=\"woocommerce-Price-amount amount\" aria-hidden=\"true\"><bdi>995.00<span class=\"woocommerce-Price-currencySymbol\">&#122;&#322;<\/span><\/bdi><\/span> <span aria-hidden=\"true\">&ndash;<\/span> <span class=\"woocommerce-Price-amount amount\" aria-hidden=\"true\"><bdi>1,440.00<span class=\"woocommerce-Price-currencySymbol\">&#122;&#322;<\/span><\/bdi><\/span><span class=\"screen-reader-text\">Zakres cen: od 995.00&#122;&#322; do 1,440.00&#122;&#322;<\/span><\/p>\n\t\t\t\t<\/div>\n\t\t\t\t<div class=\"elementor-element elementor-element-d028c2d e-add-to-cart--show-quantity-yes elementor-widget elementor-widget-woocommerce-product-add-to-cart\" data-id=\"d028c2d\" data-element_type=\"widget\" data-e-type=\"widget\" data-widget_type=\"woocommerce-product-add-to-cart.default\">\n\t\t\t\t\t\n\t\t<div class=\"elementor-add-to-cart elementor-product-variable\">\n\t\t\t\t\t<div class=\"e-loop-add-to-cart-form-container\">\n\t\t\t<form class=\"cart e-loop-add-to-cart-form\">\n\t\t\t\t\t<span id=\"woocommerce_loop_add_to_cart_link_describedby_275\" class=\"screen-reader-text\">\n\t\tTen produkt ma wiele wariant\u00f3w. Opcje mo\u017cna wybra\u0107 na stronie produktu\t<\/span>\n\t\t\t<\/form>\n\t\t<\/div>\n\t\t\t\t<\/div>\n\n\t\t\t\t\t\t<\/div>\n\t\t\t\t\t<\/div>\n\t\t\t\t<\/div>\n\t\t\t\t<\/div>\n\t\t<style id=\"loop-dynamic-310\">.e-loop-item-269 .elementor-element.elementor-element-253b980:not(.elementor-motion-effects-element-type-background), .e-loop-item-269 .elementor-element.elementor-element-253b980 > .elementor-motion-effects-container > .elementor-motion-effects-layer{background-image:url(\"https:\/\/klimatest.kamilzapala.pl\/wp-content\/uploads\/2026\/02\/klima-1.png\");}<\/style>\t\t<div data-elementor-type=\"loop-item\" data-elementor-id=\"310\" class=\"elementor elementor-310 e-loop-item e-loop-item-269 post-269 product type-product status-publish has-post-thumbnail product_brand-midea product_cat-klimatyzacja desktop-align-left tablet-align-left mobile-align-left  instock shipping-taxable purchasable product-type-variable wvs-archive-product-wrapper\" data-elementor-post-type=\"elementor_library\" data-custom-edit-handle=\"1\">\n\t\t\t<div data-particle_enable=\"false\" data-particle-mobile-disabled=\"false\" class=\"elementor-element elementor-element-32ae14a e-flex e-con-boxed e-con e-parent\" data-id=\"32ae14a\" data-element_type=\"container\" data-e-type=\"container\">\n\t\t\t\t\t<div class=\"e-con-inner\">\n\t\t<div data-particle_enable=\"false\" data-particle-mobile-disabled=\"false\" class=\"elementor-element elementor-element-253b980 e-con-full e-flex e-con e-child\" data-id=\"253b980\" data-element_type=\"container\" data-e-type=\"container\" data-settings=\"{&quot;background_background&quot;:&quot;classic&quot;}\">\n\t\t\t\t<div class=\"elementor-element elementor-element-d316618 elementor-widget elementor-widget-spacer\" data-id=\"d316618\" data-element_type=\"widget\" data-e-type=\"widget\" data-widget_type=\"spacer.default\">\n\t\t\t\t\t\t\t<div class=\"elementor-spacer\">\n\t\t\t<div class=\"elementor-spacer-inner\"><\/div>\n\t\t<\/div>\n\t\t\t\t\t\t<\/div>\n\t\t\t\t<div class=\"elementor-element elementor-element-9846dbb elementor-widget elementor-widget-theme-post-title elementor-page-title elementor-widget-heading\" data-id=\"9846dbb\" data-element_type=\"widget\" data-e-type=\"widget\" data-widget_type=\"theme-post-title.default\">\n\t\t\t\t\t<h6 class=\"elementor-heading-title elementor-size-default\">Breezeless+<\/h6>\t\t\t\t<\/div>\n\t\t\t\t<\/div>\n\t\t\t\t<div class=\"elementor-element elementor-element-01cc553 elementor-widget elementor-widget-woocommerce-product-price\" data-id=\"01cc553\" data-element_type=\"widget\" data-e-type=\"widget\" data-widget_type=\"woocommerce-product-price.default\">\n\t\t\t\t\t<p class=\"price\"><span class=\"woocommerce-Price-amount amount\" aria-hidden=\"true\"><bdi>1,425.00<span class=\"woocommerce-Price-currencySymbol\">&#122;&#322;<\/span><\/bdi><\/span> <span aria-hidden=\"true\">&ndash;<\/span> <span class=\"woocommerce-Price-amount amount\" aria-hidden=\"true\"><bdi>1,585.00<span class=\"woocommerce-Price-currencySymbol\">&#122;&#322;<\/span><\/bdi><\/span><span class=\"screen-reader-text\">Zakres cen: od 1,425.00&#122;&#322; do 1,585.00&#122;&#322;<\/span><\/p>\n\t\t\t\t<\/div>\n\t\t\t\t<div class=\"elementor-element elementor-element-d028c2d e-add-to-cart--show-quantity-yes elementor-widget elementor-widget-woocommerce-product-add-to-cart\" data-id=\"d028c2d\" data-element_type=\"widget\" data-e-type=\"widget\" data-widget_type=\"woocommerce-product-add-to-cart.default\">\n\t\t\t\t\t\n\t\t<div class=\"elementor-add-to-cart elementor-product-variable\">\n\t\t\t\t\t<div class=\"e-loop-add-to-cart-form-container\">\n\t\t\t<form class=\"cart e-loop-add-to-cart-form\">\n\t\t\t\t\t<span id=\"woocommerce_loop_add_to_cart_link_describedby_269\" class=\"screen-reader-text\">\n\t\tTen produkt ma wiele wariant\u00f3w. Opcje mo\u017cna wybra\u0107 na stronie produktu\t<\/span>\n\t\t\t<\/form>\n\t\t<\/div>\n\t\t\t\t<\/div>\n\n\t\t\t\t\t\t<\/div>\n\t\t\t\t\t<\/div>\n\t\t\t\t<\/div>\n\t\t\t\t<\/div>\n\t\t<style id=\"loop-dynamic-310\">.e-loop-item-261 .elementor-element.elementor-element-253b980:not(.elementor-motion-effects-element-type-background), .e-loop-item-261 .elementor-element.elementor-element-253b980 > .elementor-motion-effects-container > .elementor-motion-effects-layer{background-image:url(\"https:\/\/klimatest.kamilzapala.pl\/wp-content\/uploads\/2026\/02\/klima.png\");}<\/style>\t\t<div data-elementor-type=\"loop-item\" data-elementor-id=\"310\" class=\"elementor elementor-310 e-loop-item e-loop-item-261 post-261 product type-product status-publish has-post-thumbnail product_brand-midea product_cat-klimatyzacja desktop-align-left tablet-align-left mobile-align-left  instock shipping-taxable purchasable product-type-variable wvs-archive-product-wrapper\" data-elementor-post-type=\"elementor_library\" data-custom-edit-handle=\"1\">\n\t\t\t<div data-particle_enable=\"false\" data-particle-mobile-disabled=\"false\" class=\"elementor-element elementor-element-32ae14a e-flex e-con-boxed e-con e-parent\" data-id=\"32ae14a\" data-element_type=\"container\" data-e-type=\"container\">\n\t\t\t\t\t<div class=\"e-con-inner\">\n\t\t<div data-particle_enable=\"false\" data-particle-mobile-disabled=\"false\" class=\"elementor-element elementor-element-253b980 e-con-full e-flex e-con e-child\" data-id=\"253b980\" data-element_type=\"container\" data-e-type=\"container\" data-settings=\"{&quot;background_background&quot;:&quot;classic&quot;}\">\n\t\t\t\t<div class=\"elementor-element elementor-element-d316618 elementor-widget elementor-widget-spacer\" data-id=\"d316618\" data-element_type=\"widget\" data-e-type=\"widget\" data-widget_type=\"spacer.default\">\n\t\t\t\t\t\t\t<div class=\"elementor-spacer\">\n\t\t\t<div class=\"elementor-spacer-inner\"><\/div>\n\t\t<\/div>\n\t\t\t\t\t\t<\/div>\n\t\t\t\t<div class=\"elementor-element elementor-element-9846dbb elementor-widget elementor-widget-theme-post-title elementor-page-title elementor-widget-heading\" data-id=\"9846dbb\" data-element_type=\"widget\" data-e-type=\"widget\" data-widget_type=\"theme-post-title.default\">\n\t\t\t\t\t<h6 class=\"elementor-heading-title elementor-size-default\">Oasis Pro+<\/h6>\t\t\t\t<\/div>\n\t\t\t\t<\/div>\n\t\t\t\t<div class=\"elementor-element elementor-element-01cc553 elementor-widget elementor-widget-woocommerce-product-price\" data-id=\"01cc553\" data-element_type=\"widget\" data-e-type=\"widget\" data-widget_type=\"woocommerce-product-price.default\">\n\t\t\t\t\t<p class=\"price\"><span class=\"woocommerce-Price-amount amount\" aria-hidden=\"true\"><bdi>1,705.00<span class=\"woocommerce-Price-currencySymbol\">&#122;&#322;<\/span><\/bdi><\/span> <span aria-hidden=\"true\">&ndash;<\/span> <span class=\"woocommerce-Price-amount amount\" aria-hidden=\"true\"><bdi>2,160.00<span class=\"woocommerce-Price-currencySymbol\">&#122;&#322;<\/span><\/bdi><\/span><span class=\"screen-reader-text\">Zakres cen: od 1,705.00&#122;&#322; do 2,160.00&#122;&#322;<\/span><\/p>\n\t\t\t\t<\/div>\n\t\t\t\t<div class=\"elementor-element elementor-element-d028c2d e-add-to-cart--show-quantity-yes elementor-widget elementor-widget-woocommerce-product-add-to-cart\" data-id=\"d028c2d\" data-element_type=\"widget\" data-e-type=\"widget\" data-widget_type=\"woocommerce-product-add-to-cart.default\">\n\t\t\t\t\t\n\t\t<div class=\"elementor-add-to-cart elementor-product-variable\">\n\t\t\t\t\t<div class=\"e-loop-add-to-cart-form-container\">\n\t\t\t<form class=\"cart e-loop-add-to-cart-form\">\n\t\t\t\t\t<span id=\"woocommerce_loop_add_to_cart_link_describedby_261\" class=\"screen-reader-text\">\n\t\tTen produkt ma wiele wariant\u00f3w. Opcje mo\u017cna wybra\u0107 na stronie produktu\t<\/span>\n\t\t\t<\/form>\n\t\t<\/div>\n\t\t\t\t<\/div>\n\n\t\t\t\t\t\t<\/div>\n\t\t\t\t\t<\/div>\n\t\t\t\t<\/div>\n\t\t\t\t<\/div>\n\t\t\t\t<\/div>\n\t\t\n\t\t\t\t\t\t<\/div>\n\t\t\t\t<\/div>\n\t\t\t\t\t<\/div>\n\t\t\t\t<\/div>\n\t\t<div data-particle_enable=\"false\" data-particle-mobile-disabled=\"false\" class=\"elementor-element elementor-element-2b3babd e-con-full e-flex e-con e-parent\" data-id=\"2b3babd\" data-element_type=\"container\" data-e-type=\"container\">\n\t\t\t\t<div class=\"elementor-element elementor-element-8a27754 elementor-widget elementor-widget-heading\" data-id=\"8a27754\" data-element_type=\"widget\" data-e-type=\"widget\" data-widget_type=\"heading.default\">\n\t\t\t\t\t<h2 class=\"elementor-heading-title elementor-size-default\">Dlaczego warto nam zaufa\u0107?<\/h2>\t\t\t\t<\/div>\n\t\t\t\t<div class=\"elementor-element elementor-element-e1014f7 elementor-widget elementor-widget-text-editor\" data-id=\"e1014f7\" data-element_type=\"widget\" data-e-type=\"widget\" data-widget_type=\"text-editor.default\">\n\t\t\t\t\t\t\t\t\t<p data-path-to-node=\"4,0,0\"><b data-path-to-node=\"4,0,0\" data-index-in-node=\"0\">10 lat do\u015bwiadczenia w bran\u017cy<\/b> \u2013 wiemy, jak dobra\u0107 sprz\u0119t do ka\u017cdego metra\u017cu i uk\u0142adu pomieszcze\u0144.<\/p><p data-path-to-node=\"4,1,0\"><b data-path-to-node=\"4,1,0\" data-index-in-node=\"0\">Wy\u0142\u0105cznie sprawdzone modele<\/b> \u2013 montujemy tylko urz\u0105dzenia renomowanych marek, kt\u00f3re cechuj\u0105 si\u0119 najni\u017csz\u0105 awaryjno\u015bci\u0105 na rynku.<\/p><p data-path-to-node=\"4,2,0\"><b data-path-to-node=\"4,2,0\" data-index-in-node=\"0\">Ekspresowy monta\u017c i czysto\u015b\u0107<\/b> \u2013 szanujemy Tw\u00f3j czas i dom; po zako\u0144czeniu prac zostawiamy po sobie idealny porz\u0105dek.<\/p><p data-path-to-node=\"4,3,0\"><b data-path-to-node=\"4,3,0\" data-index-in-node=\"0\">Pe\u0142ne wsparcie pogwarancyjne<\/b> \u2013 jeste\u015bmy liderem, bo nie zostawiamy klient\u00f3w po monta\u017cu; oferujemy regularne serwisy i szybk\u0105 pomoc.<\/p><p data-path-to-node=\"4,4,0\"><b data-path-to-node=\"4,4,0\" data-index-in-node=\"0\">Doradztwo techniczne w cenie<\/b> \u2013 dobierzemy klimatyzator, kt\u00f3ry b\u0119dzie energooszcz\u0119dny i cichy, dopasowany do Twojego bud\u017cetu.<\/p>\t\t\t\t\t\t\t\t<\/div>\n\t\t\t\t<\/div>\n\t\t\t\t<\/div>\n\t\t","protected":false},"excerpt":{"rendered":"<p>PROFESJONALNY MONTA\u017b. KOMFORT NA LATA. Projektujemy i instalujemy systemy klimatyzacji dopasowane do Twojego domu. Czysty monta\u017c, szybki serwis i urz\u0105dzenia [&hellip;]<\/p>\n","protected":false},"author":1,"featured_media":0,"parent":0,"menu_order":0,"comment_status":"closed","ping_status":"closed","template":"","meta":{"site-sidebar-layout":"no-sidebar","site-content-layout":"","ast-site-content-layout":"full-width-container","site-content-style":"default","site-sidebar-style":"default","ast-global-header-display":"","ast-banner-title-visibility":"","ast-main-header-display":"","ast-hfb-above-header-display":"","ast-hfb-below-header-display":"","ast-hfb-mobile-header-display":"","site-post-title":"disabled","ast-breadcrumbs-content":"","ast-featured-img":"disabled","footer-sml-layout":"","ast-disable-related-posts":"","theme-transparent-header-meta":"","adv-header-id-meta":"","stick-header-meta":"","header-above-stick-meta":"","header-main-stick-meta":"","header-below-stick-meta":"","astra-migrate-meta-layouts":"default","ast-page-background-enabled":"default","ast-page-background-meta":{"desktop":{"background-color":"var(--ast-global-color-5)","background-image":"","background-repeat":"repeat","background-position":"center center","background-size":"auto","background-attachment":"scroll","background-type":"","background-media":"","overlay-type":"","overlay-color":"","overlay-opacity":"","overlay-gradient":""},"tablet":{"background-color":"","background-image":"","background-repeat":"repeat","background-position":"center center","background-size":"auto","background-attachment":"scroll","background-type":"","background-media":"","overlay-type":"","overlay-color":"","overlay-opacity":"","overlay-gradient":""},"mobile":{"background-color":"","background-image":"","background-repeat":"repeat","background-position":"center center","background-size":"auto","background-attachment":"scroll","background-type":"","background-media":"","overlay-type":"","overlay-color":"","overlay-opacity":"","overlay-gradient":""}},"ast-content-background-meta":{"desktop":{"background-color":"var(--ast-global-color-4)","background-image":"","background-repeat":"repeat","background-position":"center center","background-size":"auto","background-attachment":"scroll","background-type":"","background-media":"","overlay-type":"","overlay-color":"","overlay-opacity":"","overlay-gradient":""},"tablet":{"background-color":"var(--ast-global-color-4)","background-image":"","background-repeat":"repeat","background-position":"center center","background-size":"auto","background-attachment":"scroll","background-type":"","background-media":"","overlay-type":"","overlay-color":"","overlay-opacity":"","overlay-gradient":""},"mobile":{"background-color":"var(--ast-global-color-4)","background-image":"","background-repeat":"repeat","background-position":"center center","background-size":"auto","background-attachment":"scroll","background-type":"","background-media":"","overlay-type":"","overlay-color":"","overlay-opacity":"","overlay-gradient":""}},"footnotes":""},"class_list":["post-30","page","type-page","status-publish","hentry","desktop-align-left","tablet-align-left","mobile-align-left"],"_links":{"self":[{"href":"https:\/\/klimatest.kamilzapala.pl\/index.php?rest_route=\/wp\/v2\/pages\/30","targetHints":{"allow":["GET"]}}],"collection":[{"href":"https:\/\/klimatest.kamilzapala.pl\/index.php?rest_route=\/wp\/v2\/pages"}],"about":[{"href":"https:\/\/klimatest.kamilzapala.pl\/index.php?rest_route=\/wp\/v2\/types\/page"}],"author":[{"embeddable":true,"href":"https:\/\/klimatest.kamilzapala.pl\/index.php?rest_route=\/wp\/v2\/users\/1"}],"replies":[{"embeddable":true,"href":"https:\/\/klimatest.kamilzapala.pl\/index.php?rest_route=%2Fwp%2Fv2%2Fcomments&post=30"}],"version-history":[{"count":118,"href":"https:\/\/klimatest.kamilzapala.pl\/index.php?rest_route=\/wp\/v2\/pages\/30\/revisions"}],"predecessor-version":[{"id":369,"href":"https:\/\/klimatest.kamilzapala.pl\/index.php?rest_route=\/wp\/v2\/pages\/30\/revisions\/369"}],"wp:attachment":[{"href":"https:\/\/klimatest.kamilzapala.pl\/index.php?rest_route=%2Fwp%2Fv2%2Fmedia&parent=30"}],"curies":[{"name":"wp","href":"https:\/\/api.w.org\/{rel}","templated":true}]}}